{"id":500,"date":"2020-10-04T12:34:25","date_gmt":"2020-10-04T12:34:25","guid":{"rendered":"http:\/\/wp.valeskahenze.de\/?page_id=500"},"modified":"2021-12-05T16:11:18","modified_gmt":"2021-12-05T16:11:18","slug":"weiterbildungen","status":"publish","type":"page","link":"https:\/\/www.valeskahenze.de\/?page_id=500","title":{"rendered":"Weiterbildungen"},"content":{"rendered":"\n<h2 class=\"wp-block-heading\" id=\"FachSach\"><em><strong>Fach- und Sprachkompetenz<\/strong><\/em><\/h2>\n\n\n\n<p><strong>Online moderieren<\/strong> (2020) Goethe-Institut<\/p>\n\n\n\n<p><strong>Framing in der politischen Kommunikation<\/strong>, mit Stephanie Bernoully, Heinrich-B\u00f6ll-Stiftung Brandenburg, 22.2.2020 Potsdam<\/p>\n\n\n\n<p><strong>Sprungbrett in Aktion \u2013 Was verdient die Frau<\/strong>, <a rel=\"noreferrer noopener\" href=\"https:\/\/www.was-verdient-die-frau.de\/sia\" target=\"_blank\">Multiplikatorenschulung<\/a>, DGB, 9.12.2019, Berlin<\/p>\n\n\n\n<p><strong>Gleicher Lohn f\u00fcr gleiche Arbeit? Workshop zum Gender Pay Gap<\/strong>, BTU Cottbus-Senftenberg, 19.9.2019, Cottbus<\/p>\n\n\n\n<p><strong>Akademie im Gr\u00fcnen. Seminar f\u00fcr \u00dcbersetzerinnen aus dem Englischen<\/strong>; mit Dr. Ina Pfitzner und Lucia Rojas, B\u00fccherFrauen-Akademie, 3. \u2013 7.8.2019, Burg Lenzen<\/p>\n\n\n\n<p><strong>Fachtagung geschlechtergerechte Sprache<\/strong>; Deutscher Frauenrat, 14.6.2019, Berlin<\/p>\n\n\n\n<p><strong>Besser \u00dcbersetzen \u2013 Seminar f\u00fcr Literatur\u00fcbersetzerinnen aus dem Englischen<\/strong>; <a rel=\"noreferrer noopener\" href=\"https:\/\/www.buecherfrauen.de\/akademie\/online-akademien\/uebersetzen\/\" target=\"_blank\">Online-Akademie der B\u00fccherFrauen<\/a>, 4.9. \u2013 15.10.2017<\/p>\n\n\n\n<p><strong>\u201eSag es klar und angenehm\u2026\u201c Non-Fiction professionell \u00fcbersetzen<\/strong><br>Seminarleitung: Irene Rumler &amp; Julia Hoffmann; <a rel=\"noreferrer noopener\" href=\"http:\/\/www.uebersetzerkollegium.com\/\" target=\"_blank\">Europ\u00e4isches \u00dcbersetzerkollegium Straelen<\/a>, vom 3. \u2013 7.2 2016<\/p>\n\n\n\n<p><strong>Grundlagen f\u00fcr medizinische \u00dcbersetzer: Medizinische Terminologie \u2013 eine Einf\u00fchrung<\/strong>; Webinar der Bd\u00dc Weiterbildungs- und Fachverlagsgesellschaft mbH, 19.05.2015.<\/p>\n\n\n\n<p><strong>Online-PR und -Marketing in der Buchbranche<\/strong>; 04.03 \u2013 03.06 2011, E-Akademie der B\u00fccherFrauen, Seminarleitung: Silke Buttgereit<\/p>\n\n\n\n<p><br><strong>\u201eAus kritischer Distanz. Wie redigiere ich mich selbst?\u201c<\/strong> <a rel=\"noreferrer noopener\" href=\"http:\/\/www.uebersetzerkollegium.com\/\" target=\"_blank\">Europ\u00e4isches \u00dcbersetzerkollegium Straelen<\/a>, vom 24. \u2013 30.03 2010, Seminarleitung: B\u00e4rbel Flad (Lektorin) und Rosemarie Tietze (\u00dcbersetzerin)<\/p>\n\n\n\n<p><strong>Freies Lektorat I \u2013 Sicher redigieren<\/strong>; Seminar der Akademie des Deutschen Buchhandels, 14. \u2013 15.09.2007<\/p>\n\n\n\n<div style=\"height:66px\" aria-hidden=\"true\" class=\"wp-block-spacer\"><\/div>\n\n\n\n<h2 class=\"wp-block-heading\" id=\"sozkomp\"><strong><em>Soziale Kompetenz<\/em><\/strong><\/h2>\n\n\n\n<p><a href=\"https:\/\/workingoutloud.com\/frauenstaerken\" data-type=\"URL\" data-id=\"https:\/\/workingoutloud.com\/frauenstaerken\" target=\"_blank\" rel=\"noreferrer noopener\"><strong>Working out Loud #Frauenstaerken #gemeinsamwachsen,<\/strong><\/a> September &#8211; Dezember 2021<\/p>\n\n\n\n<p><a href=\"https:\/\/www.cio.de\/a\/3-300-menschen-lernen-mit-working-out-loud,3661315\" data-type=\"URL\" data-id=\"https:\/\/www.cio.de\/a\/3-300-menschen-lernen-mit-working-out-loud,3661315\" target=\"_blank\" rel=\"noreferrer noopener\"><strong>Working out Loud #Frauenstaerken<\/strong><\/a>, Jan &#8211; April 2021<\/p>\n\n\n\n<p><strong>Listen to me Level III. Mit Profil zum Ziel<\/strong>; mit Deborah Ruggieri, Friedrich-Ebert-Stiftung, 6.\/7.7.2019, Berlin<\/p>\n\n\n\n<p><strong>Macht ist verhandelbar<\/strong>; mit Zita K\u00fcng und Grit Leutzsch, Heinrich-B\u00f6ll-Stiftung, 28.\/29.6.2019, Berlin<\/p>\n\n\n\n<p><strong>Listen to me. Level II. Rhetorik-Training<\/strong>; 4.\/5. Juni 2016, Friedrich-Ebert-Stiftung<\/p>\n\n\n\n<p><strong>Listen to me. Rhetorik-Training f\u00fcr Einsteigerinnen<\/strong>; 16.\/17. Mai 2015, Friedrich-Ebert-Stiftung<\/p>\n\n\n\n<p><strong>Sitzungen und Diskussionen effektiv leiten: Ein Moderationstraining<\/strong>; 4. \u2013 6. Mai 2012, Bildungswerk Berlin der Heinrich-B\u00f6ll-Stiftung<\/p>\n\n\n\n<p><strong>Pr\u00e4senztraining f\u00fcr Frauen<\/strong>; Seminar des Bildungswerks der Heinrich B\u00f6ll Stiftung, 24.- 25.05.2007<\/p>\n\n\n\n<div style=\"height:66px\" aria-hidden=\"true\" class=\"wp-block-spacer\"><\/div>\n\n\n\n<div class=\"wp-block-group\"><div class=\"wp-block-group__inner-container is-layout-flow wp-block-group-is-layout-flow\">\n<h2 class=\"wp-block-heading\" id=\"techkomp\"><strong><em>Technische Kompetenz<\/em><\/strong><\/h2>\n\n\n\n<p><strong>Edit-a-thon \u201eFrauen in Rot\u201c<\/strong>; mit <a rel=\"noreferrer noopener\" href=\"https:\/\/de.wikipedia.org\/wiki\/Wikipedia:WomenEdit\" target=\"_blank\">Women Edit<\/a>, 23.2.2019, Berlin<\/p>\n\n\n\n<p><strong>Digitale Medien II. Als Redakteurin technisches, organisatorisches und konzeptionelles Know-how aufbauen<\/strong>; 28. \u2013 29. M\u00e4rz 2014, Workshop der B\u00fccherFrauen G\u00f6ttingen, Seminarleitung: Sylvia Rein.<\/p>\n\n\n\n<p><strong>Adobe InDesign CS<\/strong> (17. \u2013 20.09.2007), <strong>OpenSource Software<\/strong> (13.06.2007); FCZB, Frauen Computer Zentrum Berlin<\/p>\n<\/div><\/div>\n","protected":false},"excerpt":{"rendered":"<p>Fach- und Sprachkompetenz Online moderieren (2020) Goethe-Institut Framing in der politischen Kommunikation, mit Stephanie Bernoully, Heinrich-B\u00f6ll-Stiftung Brandenburg, 22.2.2020 Potsdam Sprungbrett in Aktion \u2013 Was verdient die Frau, Multiplikatorenschulung, DGB, 9.12.2019, Berlin Gleicher Lohn f\u00fcr gleiche Arbeit? Workshop zum Gender Pay Gap, BTU Cottbus-Senftenberg, 19.9.2019, Cottbus Akademie im Gr\u00fcnen. Seminar f\u00fcr \u00dcbersetzerinnen aus dem Englischen; mit Dr. Ina Pfitzner und Lucia Rojas, B\u00fccherFrauen-Akademie, 3. \u2013 7.8.2019, Burg Lenzen Fachtagung geschlechtergerechte Sprache;&hellip;<\/p>\n","protected":false},"author":1,"featured_media":0,"parent":0,"menu_order":0,"comment_status":"closed","ping_status":"closed","template":"","meta":{"pgc_sgb_lightbox_settings":"","footnotes":""},"class_list":["post-500","page","type-page","status-publish","hentry"],"jetpack_sharing_enabled":true,"_links":{"self":[{"href":"https:\/\/www.valeskahenze.de\/index.php?rest_route=\/wp\/v2\/pages\/500","targetHints":{"allow":["GET"]}}],"collection":[{"href":"https:\/\/www.valeskahenze.de\/index.php?rest_route=\/wp\/v2\/pages"}],"about":[{"href":"https:\/\/www.valeskahenze.de\/index.php?rest_route=\/wp\/v2\/types\/page"}],"author":[{"embeddable":true,"href":"https:\/\/www.valeskahenze.de\/index.php?rest_route=\/wp\/v2\/users\/1"}],"replies":[{"embeddable":true,"href":"https:\/\/www.valeskahenze.de\/index.php?rest_route=%2Fwp%2Fv2%2Fcomments&post=500"}],"version-history":[{"count":4,"href":"https:\/\/www.valeskahenze.de\/index.php?rest_route=\/wp\/v2\/pages\/500\/revisions"}],"predecessor-version":[{"id":896,"href":"https:\/\/www.valeskahenze.de\/index.php?rest_route=\/wp\/v2\/pages\/500\/revisions\/896"}],"wp:attachment":[{"href":"https:\/\/www.valeskahenze.de\/index.php?rest_route=%2Fwp%2Fv2%2Fmedia&parent=500"}],"curies":[{"name":"wp","href":"https:\/\/api.w.org\/{rel}","templated":true}]}}