{"id":498,"date":"2021-12-05T14:15:55","date_gmt":"2021-12-05T14:15:55","guid":{"rendered":"http:\/\/wp.valeskahenze.de\/?page_id=498"},"modified":"2021-12-05T15:44:12","modified_gmt":"2021-12-05T15:44:12","slug":"mitschriften","status":"publish","type":"page","link":"https:\/\/www.valeskahenze.de\/?page_id=498","title":{"rendered":"Mitschriften &#8211; Blog"},"content":{"rendered":"<ul class=\"wp-block-latest-posts__list wp-block-latest-posts\"><li><div class=\"wp-block-latest-posts__featured-image alignleft\"><img loading=\"lazy\" decoding=\"async\" width=\"150\" height=\"150\" src=\"https:\/\/www.valeskahenze.de\/wp-content\/uploads\/2024\/02\/Plakat-Branchentreff-1-150x150.jpeg\" class=\"attachment-thumbnail size-thumbnail wp-post-image\" alt=\"\" style=\"\" srcset=\"https:\/\/www.valeskahenze.de\/wp-content\/uploads\/2024\/02\/Plakat-Branchentreff-1-150x150.jpeg 150w, https:\/\/www.valeskahenze.de\/wp-content\/uploads\/2024\/02\/Plakat-Branchentreff-1-50x50.jpeg 50w\" sizes=\"auto, (max-width: 150px) 100vw, 150px\" data-attachment-id=\"1172\" data-permalink=\"https:\/\/www.valeskahenze.de\/?attachment_id=1172\" data-orig-file=\"https:\/\/www.valeskahenze.de\/wp-content\/uploads\/2024\/02\/Plakat-Branchentreff-1.jpeg\" data-orig-size=\"1080,611\" data-comments-opened=\"0\" data-image-meta=\"{&quot;aperture&quot;:&quot;0&quot;,&quot;credit&quot;:&quot;&quot;,&quot;camera&quot;:&quot;&quot;,&quot;caption&quot;:&quot;&quot;,&quot;created_timestamp&quot;:&quot;0&quot;,&quot;copyright&quot;:&quot;&quot;,&quot;focal_length&quot;:&quot;0&quot;,&quot;iso&quot;:&quot;0&quot;,&quot;shutter_speed&quot;:&quot;0&quot;,&quot;title&quot;:&quot;&quot;,&quot;orientation&quot;:&quot;0&quot;}\" data-image-title=\"Plakat-Branchentreff-1\" data-image-description=\"\" data-image-caption=\"\" data-medium-file=\"https:\/\/www.valeskahenze.de\/wp-content\/uploads\/2024\/02\/Plakat-Branchentreff-1-300x170.jpeg\" data-large-file=\"https:\/\/www.valeskahenze.de\/wp-content\/uploads\/2024\/02\/Plakat-Branchentreff-1-1024x579.jpeg\" \/><\/div><a class=\"wp-block-latest-posts__post-title\" href=\"https:\/\/www.valeskahenze.de\/?p=1168\">Wie ein Barcamp alle zu wertvolle(re)n Menschen gemacht hat<\/a><div class=\"wp-block-latest-posts__post-excerpt\">Am 6.5.2023 fand der Branchentreff Literatur unter dem Motto Ich bin wertvoll &#8211; auf dem Weg zu einer solidarischen und selbstf\u00fcrsorglichen Arbeitsweise im Podewil statt. Das \u201averflixte 7. Mal\u2018 \u2013 es war der siebte Branchentreff und ein gelungenes Experiment. Wie die letzten Jahre auch bot der Branchentreff, Autor*innen, \u00dcbersetzer*innen, Lektor*innen und anderen Solo-Selbst\u00e4ndigen der Literaturbranche Raum und Zeit, sich auszutauschen, zu lernen und Wissen und Perspektiven zu erweitern. Anders als&hellip;<\/div><\/li>\n<li><div class=\"wp-block-latest-posts__featured-image alignleft\"><img loading=\"lazy\" decoding=\"async\" width=\"150\" height=\"150\" src=\"https:\/\/www.valeskahenze.de\/wp-content\/uploads\/2022\/07\/Kursbild-neu_blank_kl-150x150.png\" class=\"attachment-thumbnail size-thumbnail wp-post-image\" alt=\"\" style=\"\" srcset=\"https:\/\/www.valeskahenze.de\/wp-content\/uploads\/2022\/07\/Kursbild-neu_blank_kl-150x150.png 150w, https:\/\/www.valeskahenze.de\/wp-content\/uploads\/2022\/07\/Kursbild-neu_blank_kl-50x50.png 50w\" sizes=\"auto, (max-width: 150px) 100vw, 150px\" data-attachment-id=\"951\" data-permalink=\"https:\/\/www.valeskahenze.de\/?attachment_id=951\" data-orig-file=\"https:\/\/www.valeskahenze.de\/wp-content\/uploads\/2022\/07\/Kursbild-neu_blank_kl.png\" data-orig-size=\"1005,320\" data-comments-opened=\"0\" data-image-meta=\"{&quot;aperture&quot;:&quot;0&quot;,&quot;credit&quot;:&quot;&quot;,&quot;camera&quot;:&quot;&quot;,&quot;caption&quot;:&quot;&quot;,&quot;created_timestamp&quot;:&quot;0&quot;,&quot;copyright&quot;:&quot;&quot;,&quot;focal_length&quot;:&quot;0&quot;,&quot;iso&quot;:&quot;0&quot;,&quot;shutter_speed&quot;:&quot;0&quot;,&quot;title&quot;:&quot;&quot;,&quot;orientation&quot;:&quot;0&quot;}\" data-image-title=\"Kursbild neu_blank_kl\" data-image-description=\"\" data-image-caption=\"&lt;p&gt;Akquise-Sprint der B\u00fccherFrauen Akademie, seit 2022&lt;\/p&gt;\n\" data-medium-file=\"https:\/\/www.valeskahenze.de\/wp-content\/uploads\/2022\/07\/Kursbild-neu_blank_kl-300x96.png\" data-large-file=\"https:\/\/www.valeskahenze.de\/wp-content\/uploads\/2022\/07\/Kursbild-neu_blank_kl.png\" \/><\/div><a class=\"wp-block-latest-posts__post-title\" href=\"https:\/\/www.valeskahenze.de\/?p=937\">Meine ersten Akquise-Sprints als Trainerin<\/a><div class=\"wp-block-latest-posts__post-excerpt\">Das f\u00fchlt sich gerade an, als w\u00fcrde ich mein sch\u00f6nstes Ferienerlebnis aufschreiben wollen. Nun ja, im Rahmen der B\u00fccherFrauen-Akademie habe ich meine ersten beiden Akquise-Sprints geleitet und hier schreibe ich, wie es war. Akquise ist f\u00fcr die meisten Selbstst\u00e4ndigen eine notwendige, aber l\u00e4stige Aufgabe. Sehr h\u00e4ufig hei\u00dft es: Akquise ist Menschen anrufen, die du nicht kennst, und sie um Auftr\u00e4ge bitten. Das kostet \u00dcberwindung, und direkte Erfolgserlebnisse sind eher die&hellip;<\/div><\/li>\n<li><div class=\"wp-block-latest-posts__featured-image alignleft\"><img loading=\"lazy\" decoding=\"async\" width=\"150\" height=\"150\" src=\"https:\/\/www.valeskahenze.de\/wp-content\/uploads\/2022\/05\/sprintlernen-ohne-Text-150x150.png\" class=\"attachment-thumbnail size-thumbnail wp-post-image\" alt=\"\" style=\"\" srcset=\"https:\/\/www.valeskahenze.de\/wp-content\/uploads\/2022\/05\/sprintlernen-ohne-Text-150x150.png 150w, https:\/\/www.valeskahenze.de\/wp-content\/uploads\/2022\/05\/sprintlernen-ohne-Text-50x50.png 50w\" sizes=\"auto, (max-width: 150px) 100vw, 150px\" data-attachment-id=\"928\" data-permalink=\"https:\/\/www.valeskahenze.de\/?attachment_id=928\" data-orig-file=\"https:\/\/www.valeskahenze.de\/wp-content\/uploads\/2022\/05\/sprintlernen-ohne-Text.png\" data-orig-size=\"1005,850\" data-comments-opened=\"0\" data-image-meta=\"{&quot;aperture&quot;:&quot;0&quot;,&quot;credit&quot;:&quot;&quot;,&quot;camera&quot;:&quot;&quot;,&quot;caption&quot;:&quot;&quot;,&quot;created_timestamp&quot;:&quot;0&quot;,&quot;copyright&quot;:&quot;&quot;,&quot;focal_length&quot;:&quot;0&quot;,&quot;iso&quot;:&quot;0&quot;,&quot;shutter_speed&quot;:&quot;0&quot;,&quot;title&quot;:&quot;&quot;,&quot;orientation&quot;:&quot;0&quot;}\" data-image-title=\"sprintlernen ohne Text\" data-image-description=\"\" data-image-caption=\"\" data-medium-file=\"https:\/\/www.valeskahenze.de\/wp-content\/uploads\/2022\/05\/sprintlernen-ohne-Text-300x254.png\" data-large-file=\"https:\/\/www.valeskahenze.de\/wp-content\/uploads\/2022\/05\/sprintlernen-ohne-Text.png\" \/><\/div><a class=\"wp-block-latest-posts__post-title\" href=\"https:\/\/www.valeskahenze.de\/?p=927\">Lernsprints \u2013 ausdauernd und dynamisch oder beschleunigt und atemlos?<\/a><div class=\"wp-block-latest-posts__post-excerpt\">Ich lerne inzwischen nur noch in Sprints. Und das Beste ist, mir geht dabei nicht die Puste aus. Stattdessen f\u00fchle ich mich h\u00e4ufig angeregt weiterzumachen. Der Lernsprint hilft mir, das Lernen in \u00fcbersichtliche und bew\u00e4ltigbare Etappen einzuteilen, die die Motivation bewahren und den Spa\u00df f\u00f6rdern. Im Sport steht der Sprint ja eher f\u00fcr die Kurzstrecke. Und pers\u00f6nlich verbinde ich damit ein Gef\u00fchl der Ersch\u00f6pfung und des \u201eniemals gut genug sein\u201c.&hellip;<\/div><\/li>\n<li><div class=\"wp-block-latest-posts__featured-image alignleft\"><img loading=\"lazy\" decoding=\"async\" width=\"150\" height=\"150\" src=\"https:\/\/www.valeskahenze.de\/wp-content\/uploads\/2022\/01\/dna_lernen-3-150x150.png\" class=\"attachment-thumbnail size-thumbnail wp-post-image\" alt=\"\" style=\"\" srcset=\"https:\/\/www.valeskahenze.de\/wp-content\/uploads\/2022\/01\/dna_lernen-3-150x150.png 150w, https:\/\/www.valeskahenze.de\/wp-content\/uploads\/2022\/01\/dna_lernen-3-50x50.png 50w\" sizes=\"auto, (max-width: 150px) 100vw, 150px\" data-attachment-id=\"905\" data-permalink=\"https:\/\/www.valeskahenze.de\/?attachment_id=905\" data-orig-file=\"https:\/\/www.valeskahenze.de\/wp-content\/uploads\/2022\/01\/dna_lernen-3-e1641568139803.png\" data-orig-size=\"1005,565\" data-comments-opened=\"0\" data-image-meta=\"{&quot;aperture&quot;:&quot;0&quot;,&quot;credit&quot;:&quot;&quot;,&quot;camera&quot;:&quot;&quot;,&quot;caption&quot;:&quot;&quot;,&quot;created_timestamp&quot;:&quot;0&quot;,&quot;copyright&quot;:&quot;&quot;,&quot;focal_length&quot;:&quot;0&quot;,&quot;iso&quot;:&quot;0&quot;,&quot;shutter_speed&quot;:&quot;0&quot;,&quot;title&quot;:&quot;&quot;,&quot;orientation&quot;:&quot;0&quot;}\" data-image-title=\"dna_lernen-3\" data-image-description=\"\" data-image-caption=\"\" data-medium-file=\"https:\/\/www.valeskahenze.de\/wp-content\/uploads\/2022\/01\/dna_lernen-3-300x169.png\" data-large-file=\"https:\/\/www.valeskahenze.de\/wp-content\/uploads\/2022\/01\/dna_lernen-3-1024x576.png\" \/><\/div><a class=\"wp-block-latest-posts__post-title\" href=\"https:\/\/www.valeskahenze.de\/?p=904\">Agil Lernen \u2013 was ist das nun wieder?<\/a><div class=\"wp-block-latest-posts__post-excerpt\">Wenn man sich in der digitalen Welt, aber auch in der analogen, realen Arbeitswelt, so umschaut und -h\u00f6rt, ist h\u00e4ufig die Rede von Agilit\u00e4t. Und jetzt auch in meiner Welt als agiler Lerncoach und damit auf diesen Seiten. Immer wenn ich davon erz\u00e4hle, ist eine der ersten Fragen, was das denn eigentlich sei. Viele \u00e4u\u00dfern auch die Vermutung, dass es irgendetwas mit Bewegung zu tun habe. Mit Bewegung kann es&hellip;<\/div><\/li>\n<li><div class=\"wp-block-latest-posts__featured-image alignleft\"><img loading=\"lazy\" decoding=\"async\" width=\"150\" height=\"150\" src=\"https:\/\/www.valeskahenze.de\/wp-content\/uploads\/2021\/12\/mitschriften-blog-1-e1638718890629-150x150.png\" class=\"attachment-thumbnail size-thumbnail wp-post-image\" alt=\"\" style=\"\" srcset=\"https:\/\/www.valeskahenze.de\/wp-content\/uploads\/2021\/12\/mitschriften-blog-1-e1638718890629-150x150.png 150w, https:\/\/www.valeskahenze.de\/wp-content\/uploads\/2021\/12\/mitschriften-blog-1-e1638718890629-50x50.png 50w\" sizes=\"auto, (max-width: 150px) 100vw, 150px\" data-attachment-id=\"889\" data-permalink=\"https:\/\/www.valeskahenze.de\/?attachment_id=889\" data-orig-file=\"https:\/\/www.valeskahenze.de\/wp-content\/uploads\/2021\/12\/mitschriften-blog-1-e1638718890629.png\" data-orig-size=\"900,573\" data-comments-opened=\"0\" data-image-meta=\"{&quot;aperture&quot;:&quot;0&quot;,&quot;credit&quot;:&quot;&quot;,&quot;camera&quot;:&quot;&quot;,&quot;caption&quot;:&quot;&quot;,&quot;created_timestamp&quot;:&quot;0&quot;,&quot;copyright&quot;:&quot;&quot;,&quot;focal_length&quot;:&quot;0&quot;,&quot;iso&quot;:&quot;0&quot;,&quot;shutter_speed&quot;:&quot;0&quot;,&quot;title&quot;:&quot;&quot;,&quot;orientation&quot;:&quot;0&quot;}\" data-image-title=\"mitschriften blog 1\" data-image-description=\"\" data-image-caption=\"\" data-medium-file=\"https:\/\/www.valeskahenze.de\/wp-content\/uploads\/2021\/12\/mitschriften-blog-1-e1638718890629-300x191.png\" data-large-file=\"https:\/\/www.valeskahenze.de\/wp-content\/uploads\/2021\/12\/mitschriften-blog-1-1024x1024.png\" \/><\/div><a class=\"wp-block-latest-posts__post-title\" href=\"https:\/\/www.valeskahenze.de\/?p=864\">als ich letzt&#8216; f\u00fcr eine Pr\u00fcfung lernen musste &#8230;<\/a><div class=\"wp-block-latest-posts__post-excerpt\">Vor kurzem hatte ich das zweifelhafte Vergn\u00fcgen, eine Pr\u00fcfung bestehen zu wollen. Vom M\u00fcssen m\u00f6chte ich hier gar nicht reden, weil ich es mir ja ausgesucht hatte und dann eben auch wollte. Je n\u00e4her dieser Termin allerdings r\u00fcckte, desto gr\u00f6\u00dfer wurden die Zweifel, ob das denn wirklich eine gute Idee gewesen ist. Von Vergn\u00fcgen war da bald nicht mehr die Rede. &#8211; Wie lange lag meine letzte Pr\u00fcfung zur\u00fcck? Hm,&hellip;<\/div><\/li>\n<\/ul>\n\n\n<p><\/p>\n","protected":false},"excerpt":{"rendered":"","protected":false},"author":1,"featured_media":881,"parent":0,"menu_order":0,"comment_status":"closed","ping_status":"closed","template":"page-templates\/full-width.php","meta":{"pgc_sgb_lightbox_settings":"","footnotes":""},"class_list":["post-498","page","type-page","status-publish","has-post-thumbnail","hentry"],"jetpack_sharing_enabled":true,"_links":{"self":[{"href":"https:\/\/www.valeskahenze.de\/index.php?rest_route=\/wp\/v2\/pages\/498","targetHints":{"allow":["GET"]}}],"collection":[{"href":"https:\/\/www.valeskahenze.de\/index.php?rest_route=\/wp\/v2\/pages"}],"about":[{"href":"https:\/\/www.valeskahenze.de\/index.php?rest_route=\/wp\/v2\/types\/page"}],"author":[{"embeddable":true,"href":"https:\/\/www.valeskahenze.de\/index.php?rest_route=\/wp\/v2\/users\/1"}],"replies":[{"embeddable":true,"href":"https:\/\/www.valeskahenze.de\/index.php?rest_route=%2Fwp%2Fv2%2Fcomments&post=498"}],"version-history":[{"count":9,"href":"https:\/\/www.valeskahenze.de\/index.php?rest_route=\/wp\/v2\/pages\/498\/revisions"}],"predecessor-version":[{"id":891,"href":"https:\/\/www.valeskahenze.de\/index.php?rest_route=\/wp\/v2\/pages\/498\/revisions\/891"}],"wp:featuredmedia":[{"embeddable":true,"href":"https:\/\/www.valeskahenze.de\/index.php?rest_route=\/wp\/v2\/media\/881"}],"wp:attachment":[{"href":"https:\/\/www.valeskahenze.de\/index.php?rest_route=%2Fwp%2Fv2%2Fmedia&parent=498"}],"curies":[{"name":"wp","href":"https:\/\/api.w.org\/{rel}","templated":true}]}}