{"id":15,"date":"2020-06-30T15:26:30","date_gmt":"2020-06-30T15:26:30","guid":{"rendered":"http:\/\/wp.valeskahenze.de\/?page_id=15"},"modified":"2021-12-05T16:13:20","modified_gmt":"2021-12-05T16:13:20","slug":"sprache","status":"publish","type":"page","link":"https:\/\/www.valeskahenze.de\/?page_id=15","title":{"rendered":"Ressourcen &#038; Kompetenzen"},"content":{"rendered":"\n<p>Seit \u00fcber 15 Jahren <a href=\"http:\/\/wp.valeskahenze.de\/?portfolio=texte-schreiben-lektorieren-uebersetzen-und-gestalten\" data-type=\"URL\" data-id=\"http:\/\/wp.valeskahenze.de\/?portfolio=texte-schreiben-lektorieren-uebersetzen-und-gestalten\">arbeite ich nun mit Texten<\/a>, ihrer Erstellung, Redaktion und Ver\u00f6ffentlichung &#8211; als Autorin, als Herausgeberin von wissenschaftlichen Sammelb\u00e4nden, Programmiererin und Redakteurin von Internetseiten sowie als freiberufliche \u00dcbersetzerin f\u00fcr Englisch, Schwedisch, Norwegisch und D\u00e4nisch oder als Lektorin f\u00fcr Deutsch und Englisch.<\/p>\n\n\n\n<p>W\u00e4hrend meines Studiums der Politikwissenschaften habe ich zu Studien- und Forschungszwecken f\u00fcr l\u00e4ngere Zeit in Schweden und Polen gelebt und mich im Rahmen meiner Studienarbeiten sowohl mit alltagssprachlichen als auch mit \u00fcbersetzungstechnischen Problemen auseinandergesetzt. Als <a href=\"http:\/\/wp.valeskahenze.de\/?portfolio=den-norden-erklaeren\" data-type=\"URL\" data-id=\"http:\/\/wp.valeskahenze.de\/?portfolio=den-norden-erklaeren\">Politikwissenschaftlerin <\/a>besch\u00e4ftige ich mich schwerpunktm\u00e4\u00dfig mit Themen der politischen Kultur, weswegen der sensible und respektvolle Umgang mit fremdsprachlichen Texten immer ein sehr wichtiger Bestandteil meiner Arbeit ist. Meine Erfahrungen in Polen und Schweden haben mich gelehrt, mich auf die sprachlichen und kulturellen Fein- und Eigenheiten unterschiedlichster Textformen einzustellen.<\/p>\n\n\n\n<p>Weil Schrift und Sprache nicht die einzigen Wege der Wissensvermittlung sind, unterrichte ich au\u00dferdem im Bereich der <a href=\"http:\/\/wp.valeskahenze.de\/?portfolio=vortraege\">Erwachsenenbildung, moderiere Veranstaltungen und Diskussionen<\/a>. <\/p>\n\n\n\n<p>Ich liebe die Abwechslung und bin immer neugierig auf neue Erfahrungen. Mich zeichnen Vielseitigkeit, Wissen, F\u00e4higkeit zum Perspektivwechsel, Beharrlichkeit und Offenheit aus.<\/p>\n\n\n\n<div style=\"height:99px\" aria-hidden=\"true\" class=\"wp-block-spacer\"><\/div>\n\n\n\n<p><\/p>\n\n\n\n<h1 class=\"has-large-font-size wp-block-heading\"><strong>gelernt<\/strong> <\/h1>\n\n\n\n<div class=\"wp-block-image\"><figure class=\"alignleft size-large\"><img decoding=\"async\" data-attachment-id=\"127\" data-permalink=\"https:\/\/www.valeskahenze.de\/?attachment_id=127\" data-orig-file=\"https:\/\/www.valeskahenze.de\/wp-content\/uploads\/2020\/07\/Schloss-Gripsholm_1-e1615739819990.jpg\" data-orig-size=\"348,231\" data-comments-opened=\"1\" data-image-meta=\"{&quot;aperture&quot;:&quot;0&quot;,&quot;credit&quot;:&quot;&quot;,&quot;camera&quot;:&quot;&quot;,&quot;caption&quot;:&quot;&quot;,&quot;created_timestamp&quot;:&quot;0&quot;,&quot;copyright&quot;:&quot;&quot;,&quot;focal_length&quot;:&quot;0&quot;,&quot;iso&quot;:&quot;0&quot;,&quot;shutter_speed&quot;:&quot;0&quot;,&quot;title&quot;:&quot;&quot;,&quot;orientation&quot;:&quot;0&quot;}\" data-image-title=\"Schloss Gripsholm_1\" data-image-description=\"\" data-image-caption=\"\" data-medium-file=\"https:\/\/www.valeskahenze.de\/wp-content\/uploads\/2020\/07\/Schloss-Gripsholm_1-e1615739819990-300x199.jpg\" data-large-file=\"https:\/\/www.valeskahenze.de\/wp-content\/uploads\/2020\/07\/Schloss-Gripsholm_1-e1615739819990.jpg\" src=\"https:\/\/www.valeskahenze.de\/wp-content\/uploads\/2020\/07\/Schloss-Gripsholm_1.jpg\" alt=\"\" class=\"wp-image-127\"\/><\/figure><\/div>\n\n\n\n<p>Mein <strong>Bildungsweg <\/strong>verlief weitgehend klassisch mit Abitur, Ausbildung zur Bankkauffrau, <strong><a href=\"http:\/\/wp.valeskahenze.de\/?p=613\" data-type=\"URL\" data-id=\"http:\/\/wp.valeskahenze.de\/?p=613\">Studium der Politikwissenschaft <\/a><\/strong>(Berlin, Schweden) und <strong><a href=\"http:\/\/wp.valeskahenze.de\/?p=597\" data-type=\"URL\" data-id=\"http:\/\/wp.valeskahenze.de\/?p=597\">Promotion <\/a><\/strong>als Stipendiatin des Forschungsprojekts &#8222;Conditions of European Democracy&#8220; (Greifswald\/\u00d6rebro\/Bergen). <\/p>\n\n\n\n<p>Weiterbildungen waren f\u00fcr mich immer von gro\u00dfer Bedeutung. Ganz im Geiste lebenslangen Lernens habe ich meine Kompetenzen kontinuierlich erweitert. 2021 habe ich eine Ausbildung zum <strong><a rel=\"noreferrer noopener\" href=\"https:\/\/qualityminds.de\/lerncoach\/\" data-type=\"URL\" data-id=\"https:\/\/qualityminds.de\/lerncoach\/\" target=\"_blank\">agilen Lerncoach<\/a><\/strong> abgeschlossen, um auch Anderen Freude an der Erweiterung ihres Wissens und ihrer F\u00e4higkeiten zu vermitteln.<\/p>\n\n\n\n<div style=\"height:23px\" aria-hidden=\"true\" class=\"wp-block-spacer\"><\/div>\n\n\n\n<h2 class=\"wp-block-heading\"><em>Weiterbildungen<\/em><\/h2>\n\n\n\n<div class=\"wp-block-group alignwide\"><div class=\"wp-block-group__inner-container is-layout-flow wp-block-group-is-layout-flow\">\n<div class=\"wp-block-columns alignwide is-layout-flex wp-container-core-columns-is-layout-9d6595d7 wp-block-columns-is-layout-flex\">\n<div class=\"wp-block-column is-layout-flow wp-block-column-is-layout-flow\">\n<p><strong>Fach- und Sprachkompetenz<\/strong><\/p>\n\n\n\n<p><strong>Online moderieren<\/strong> (2020) Goethe-Institut<\/p>\n\n\n\n<p><strong>Framing in der politischen Kommunikation<\/strong>, mit Stephanie Bernoully, Heinrich-B\u00f6ll-Stiftung Brandenburg, 22.2.2020 Potsdam<\/p>\n\n\n\n<p><strong>Sprungbrett in Aktion &#8211; Was verdient die Frau<\/strong>, <a rel=\"noreferrer noopener\" href=\"https:\/\/www.was-verdient-die-frau.de\/sia\" target=\"_blank\">Multiplikatorenschulung<\/a>, DGB, 9.12.2019, Berlin<\/p>\n\n\n\n<div class=\"wp-block-buttons is-layout-flex wp-block-buttons-is-layout-flex\">\n<div class=\"wp-block-button is-style-outline is-style-outline--1\"><a class=\"wp-block-button__link has-text-color\" href=\"https:\/\/www.valeskahenze.de\/?page_id=500#FachSach\" style=\"border-radius:50px;color:#ba0c49\">mehr<\/a><\/div>\n<\/div>\n<\/div>\n\n\n\n<div class=\"wp-block-column is-layout-flow wp-block-column-is-layout-flow\">\n<p><strong>Soziale Kompetenz<\/strong><\/p>\n\n\n\n<p><strong>WOL #Frauenstaerken<\/strong> 1 + 2<\/p>\n\n\n\n<p><strong>Listen to me Level III. Mit Profil zum Ziel<\/strong>; mit Deborah Ruggieri, Friedrich-Ebert-Stiftung, 6.\/7.7.2019, Berlin<\/p>\n\n\n\n<p><strong>Macht ist verhandelbar<\/strong>; mit Zita K\u00fcng und Grit Leutzsch, Heinrich-B\u00f6ll-Stiftung, 28.\/29.6.2019, Berlin<\/p>\n\n\n\n<div class=\"wp-block-buttons is-layout-flex wp-block-buttons-is-layout-flex\">\n<div class=\"wp-block-button is-style-outline is-style-outline--2\"><a class=\"wp-block-button__link has-text-color\" href=\"https:\/\/www.valeskahenze.de\/?page_id=500#sozkomp\" style=\"border-radius:50px;color:#ba0c49\">mehr<\/a><\/div>\n<\/div>\n<\/div>\n\n\n\n<div class=\"wp-block-column is-layout-flow wp-block-column-is-layout-flow\">\n<p><strong>Technische Kompetenz<\/strong><\/p>\n\n\n\n<p><strong>Train the Trainer <\/strong>(2010)<br>Wissenschaftsladen Bonn<\/p>\n\n\n\n<p><strong>Edit-a-thon &#8222;Frauen in Rot&#8220;<\/strong>; mit <a rel=\"noreferrer noopener\" href=\"https:\/\/de.wikipedia.org\/wiki\/Wikipedia:WomenEdit\" target=\"_blank\">Women Edit<\/a>, 23.2.2019, Berlin<\/p>\n\n\n\n<p><strong>Digitale Medien II. Als Redakteurin technisches, organisatorisches und konzeptionelles Know-how aufbauen<\/strong>; 28. \u2013 29. M\u00e4rz 2014, Workshop der B\u00fccherFrauen G\u00f6ttingen, Seminarleitung: Sylvia Rein.<\/p>\n\n\n\n<div class=\"wp-block-buttons is-layout-flex wp-block-buttons-is-layout-flex\">\n<div class=\"wp-block-button is-style-outline is-style-outline--3\"><a class=\"wp-block-button__link has-text-color\" href=\"https:\/\/www.valeskahenze.de\/?page_id=500#techkomp\" style=\"border-radius:50px;color:#ba0c49\">mehr<\/a><\/div>\n<\/div>\n<\/div>\n<\/div>\n<\/div><\/div>\n\n\n\n<div style=\"height:88px\" aria-hidden=\"true\" class=\"wp-block-spacer\"><\/div>\n\n\n\n<h1 class=\"has-large-font-size wp-block-heading\"><strong>gemeistert<\/strong><\/h1>\n\n\n\n<div class=\"wp-block-image\"><figure class=\"alignleft size-large\"><img loading=\"lazy\" decoding=\"async\" width=\"375\" height=\"500\" data-attachment-id=\"671\" data-permalink=\"https:\/\/www.valeskahenze.de\/?attachment_id=671\" data-orig-file=\"https:\/\/www.valeskahenze.de\/wp-content\/uploads\/2020\/12\/Gemeistert.png\" data-orig-size=\"375,500\" data-comments-opened=\"0\" data-image-meta=\"{&quot;aperture&quot;:&quot;0&quot;,&quot;credit&quot;:&quot;&quot;,&quot;camera&quot;:&quot;&quot;,&quot;caption&quot;:&quot;&quot;,&quot;created_timestamp&quot;:&quot;0&quot;,&quot;copyright&quot;:&quot;&quot;,&quot;focal_length&quot;:&quot;0&quot;,&quot;iso&quot;:&quot;0&quot;,&quot;shutter_speed&quot;:&quot;0&quot;,&quot;title&quot;:&quot;&quot;,&quot;orientation&quot;:&quot;0&quot;}\" data-image-title=\"Gemeistert\" data-image-description=\"\" data-image-caption=\"\" data-medium-file=\"https:\/\/www.valeskahenze.de\/wp-content\/uploads\/2020\/12\/Gemeistert-225x300.png\" data-large-file=\"https:\/\/www.valeskahenze.de\/wp-content\/uploads\/2020\/12\/Gemeistert.png\" src=\"http:\/\/wp.valeskahenze.de\/wp-content\/uploads\/2020\/12\/Gemeistert.png\" alt=\"\" class=\"wp-image-671\" srcset=\"https:\/\/www.valeskahenze.de\/wp-content\/uploads\/2020\/12\/Gemeistert.png 375w, https:\/\/www.valeskahenze.de\/wp-content\/uploads\/2020\/12\/Gemeistert-225x300.png 225w\" sizes=\"auto, (max-width: 375px) 100vw, 375px\" \/><\/figure><\/div>\n\n\n\n<h2 class=\"wp-block-heading\"><strong><em>Beruf<\/em><\/strong><\/h2>\n\n\n\n<p>Studium und Promotion habe ich mit unz\u00e4hligen Jobs, Aufgaben und Projekten in den unterschiedlichsten Bereichen finanziert. Ich habe in der Dienstleistungs- und Medienbranche, in kleinen, mittleren und gro\u00dfen Unternehmen und in der Wissenschaft gearbeitet. Seit 2004 bin ich selbstst\u00e4ndig als Autorin, \u00dcbersetzerin und Lektorin und in der Erwachsenenbildung t\u00e4tig. <\/p>\n\n\n\n<p>In meiner Selbstst\u00e4ndigkeit profitiere ich von meinen Erfahrungen mit internationalen Forschungs-, Konferenz- und Buchprojekten sowie mit Lehrauftr\u00e4gen an Universit\u00e4ten und in der politischen Bildung. Gepr\u00e4gt haben mich au\u00dferdem Erfahrungen aus der Vorstandarbeit des gro\u00dfen bundesweiten Branchennetzwerks <a href=\"http:\/\/www.buecherfrauen.de\" data-type=\"URL\" data-id=\"www.buecherfrauen.de\" target=\"_blank\" rel=\"noreferrer noopener\">B\u00fccherFrauen e.V<\/a>. und den damit verbundenen Leitungs- und Repr\u00e4sentationsaufgaben.<\/p>\n\n\n\n<p>Ich sch\u00f6pfe aus starken analytischen und konzeptionellen F\u00e4higkeiten, umfangreichen Recherche- und Redaktionserfahrungen, Kommunikationsf\u00e4higkeit in mehreren Sprachen und auf verschiedenen Ebenen, interkulturellen Kompetenzen sowie einer gro\u00dfen inhaltlichen wie formalen Bandbreite in der eigenen Textproduktion.<\/p>\n\n\n\n<h2 class=\"wp-block-heading\"><strong><em>Ehrenamt<\/em><\/strong><\/h2>\n\n\n\n<p>Mitglied und Redakteurin der Website vom <strong><a rel=\"noreferrer noopener\" href=\"http:\/\/www.for-n.de\" target=\"_blank\">Forum Nordeurop\u00e4ische Politik (FOR:N)<\/a><\/strong>.<\/p>\n\n\n\n<p>Regionalsprecherin (2009-2011) und Vorsitzende (2012-2015) <strong><a rel=\"noreferrer noopener\" href=\"http:\/\/www.buecherfrauen.de\" target=\"_blank\">B\u00fccherFrauen e.V.<\/a><\/strong> , seit 2016 Mitglied des Akademie-Teams.<\/p>\n\n\n\n<div style=\"height:79px\" aria-hidden=\"true\" class=\"wp-block-spacer\"><\/div>\n\n\n\n<h1 class=\"has-text-align-right has-large-font-size wp-block-heading\"><strong>verkn\u00fcpft<\/strong><\/h1>\n\n\n\n<div class=\"wp-block-image\"><figure class=\"alignright size-large\"><img loading=\"lazy\" decoding=\"async\" width=\"500\" height=\"281\" data-attachment-id=\"675\" data-permalink=\"https:\/\/www.valeskahenze.de\/?attachment_id=675\" data-orig-file=\"https:\/\/www.valeskahenze.de\/wp-content\/uploads\/2020\/12\/verknuepft-2.jpg\" data-orig-size=\"500,281\" data-comments-opened=\"0\" data-image-meta=\"{&quot;aperture&quot;:&quot;2&quot;,&quot;credit&quot;:&quot;&quot;,&quot;camera&quot;:&quot;G8441&quot;,&quot;caption&quot;:&quot;&quot;,&quot;created_timestamp&quot;:&quot;1555330801&quot;,&quot;copyright&quot;:&quot;&quot;,&quot;focal_length&quot;:&quot;4.4&quot;,&quot;iso&quot;:&quot;40&quot;,&quot;shutter_speed&quot;:&quot;0.00025&quot;,&quot;title&quot;:&quot;&quot;,&quot;orientation&quot;:&quot;1&quot;}\" data-image-title=\"verknuepft-2\" data-image-description=\"\" data-image-caption=\"\" data-medium-file=\"https:\/\/www.valeskahenze.de\/wp-content\/uploads\/2020\/12\/verknuepft-2-300x169.jpg\" data-large-file=\"https:\/\/www.valeskahenze.de\/wp-content\/uploads\/2020\/12\/verknuepft-2.jpg\" src=\"http:\/\/wp.valeskahenze.de\/wp-content\/uploads\/2020\/12\/verknuepft-2.jpg\" alt=\"\" class=\"wp-image-675\" srcset=\"https:\/\/www.valeskahenze.de\/wp-content\/uploads\/2020\/12\/verknuepft-2.jpg 500w, https:\/\/www.valeskahenze.de\/wp-content\/uploads\/2020\/12\/verknuepft-2-300x169.jpg 300w\" sizes=\"auto, (max-width: 500px) 100vw, 500px\" \/><\/figure><\/div>\n\n\n\n<p><strong><a rel=\"noreferrer noopener\" href=\"http:\/\/www.buecherfrauen.de\" target=\"_blank\">B\u00fccherFrauen <\/a><\/strong>\u2013 Branchennetzwerk f\u00fcr Frauen aus allen Arbeitsbereichen rund ums Buch<\/p>\n\n\n\n<p><a rel=\"noreferrer noopener\" href=\"https:\/\/literaturuebersetzer.de\/\" target=\"_blank\"><strong>Vd\u00dc<\/strong> <\/a>\u2013 Verband deutschsprachiger \u00dcbersetzer literarischer und wissenschaftlicher Werke e.V.<\/p>\n\n\n\n<p><strong><a href=\"FOR:N\">FOR:N<\/a> <\/strong>\u2013 Forum Nordeurop\u00e4ische Politik e.V. am Nordeuropa-Institut der Humboldt-Universit\u00e4t zu Berlin<\/p>\n\n\n\n<p><strong><a rel=\"noreferrer noopener\" href=\"https:\/\/www.speakerinnen.org\/de\" target=\"_blank\">Speakerinnen.org<\/a><\/strong> \u2013 Mehr Frauen auf die B\u00fchnen<\/p>\n\n\n\n<p><strong><a href=\"https:\/\/www.linkedin.com\/in\/dr-valeska-henze-856792a2\/\" target=\"_blank\" rel=\"noreferrer noopener\">LinkedIn<\/a><\/strong><\/p>\n\n\n\n<div style=\"height:143px\" aria-hidden=\"true\" class=\"wp-block-spacer\"><\/div>\n\n\n\n<p><\/p>\n","protected":false},"excerpt":{"rendered":"<p>Seit \u00fcber 15 Jahren arbeite ich nun mit Texten, ihrer Erstellung, Redaktion und Ver\u00f6ffentlichung &#8211; als Autorin, als Herausgeberin von wissenschaftlichen Sammelb\u00e4nden, Programmiererin und Redakteurin von Internetseiten sowie als freiberufliche \u00dcbersetzerin f\u00fcr Englisch, Schwedisch, Norwegisch und D\u00e4nisch oder als Lektorin f\u00fcr Deutsch und Englisch. W\u00e4hrend meines Studiums der Politikwissenschaften habe ich zu Studien- und Forschungszwecken f\u00fcr l\u00e4ngere Zeit in Schweden und Polen gelebt und mich im Rahmen meiner Studienarbeiten sowohl&hellip;<\/p>\n","protected":false},"author":1,"featured_media":0,"parent":0,"menu_order":0,"comment_status":"closed","ping_status":"closed","template":"page-templates\/full-width.php","meta":{"pgc_sgb_lightbox_settings":"","footnotes":""},"class_list":["post-15","page","type-page","status-publish","hentry"],"jetpack_sharing_enabled":true,"_links":{"self":[{"href":"https:\/\/www.valeskahenze.de\/index.php?rest_route=\/wp\/v2\/pages\/15","targetHints":{"allow":["GET"]}}],"collection":[{"href":"https:\/\/www.valeskahenze.de\/index.php?rest_route=\/wp\/v2\/pages"}],"about":[{"href":"https:\/\/www.valeskahenze.de\/index.php?rest_route=\/wp\/v2\/types\/page"}],"author":[{"embeddable":true,"href":"https:\/\/www.valeskahenze.de\/index.php?rest_route=\/wp\/v2\/users\/1"}],"replies":[{"embeddable":true,"href":"https:\/\/www.valeskahenze.de\/index.php?rest_route=%2Fwp%2Fv2%2Fcomments&post=15"}],"version-history":[{"count":62,"href":"https:\/\/www.valeskahenze.de\/index.php?rest_route=\/wp\/v2\/pages\/15\/revisions"}],"predecessor-version":[{"id":898,"href":"https:\/\/www.valeskahenze.de\/index.php?rest_route=\/wp\/v2\/pages\/15\/revisions\/898"}],"wp:attachment":[{"href":"https:\/\/www.valeskahenze.de\/index.php?rest_route=%2Fwp%2Fv2%2Fmedia&parent=15"}],"curies":[{"name":"wp","href":"https:\/\/api.w.org\/{rel}","templated":true}]}}