{"id":14,"date":"2020-06-30T15:26:30","date_gmt":"2020-06-30T15:26:30","guid":{"rendered":"http:\/\/wp.valeskahenze.de\/?page_id=14"},"modified":"2021-12-03T15:10:52","modified_gmt":"2021-12-03T15:10:52","slug":"politik","status":"publish","type":"page","link":"https:\/\/www.valeskahenze.de\/?page_id=14","title":{"rendered":"Motive &#038; Intentionen"},"content":{"rendered":"\n<p>Als geb\u00fcrtige Berlinerin habe ich fr\u00fch verstanden, dass die Welt wesentlicher komplexer ist, als es die Mauer suggerierte, die mitten durch meine Stadt verlief. \u00c4u\u00dferlich waren die Stadt und die Welt in zwei Seiten geteilt &#8211; Ost-West, schwarz-wei\u00df, gut-b\u00f6se. Doch im Alltag habe ich die Stadt als vielf\u00e4ltig, widerspr\u00fcchlich, rau, fr\u00f6hlich, ernst, l\u00e4cherlich und engagiert erlebt. Im Inneren regierten die Zwischent\u00f6ne, weniger die simple Einteilung in <em>die Einen<\/em> und <em>die Anderen<\/em>.<\/p>\n\n\n\n<div class=\"wp-block-image\"><figure class=\"alignright size-large is-resized\"><img loading=\"lazy\" decoding=\"async\" data-attachment-id=\"212\" data-permalink=\"https:\/\/www.valeskahenze.de\/?attachment_id=212\" data-orig-file=\"https:\/\/www.valeskahenze.de\/wp-content\/uploads\/2020\/08\/S\u00fcdgel\u00e4nde-Baum-072020.jpg\" data-orig-size=\"590,394\" data-comments-opened=\"1\" data-image-meta=\"{&quot;aperture&quot;:&quot;4&quot;,&quot;credit&quot;:&quot;&quot;,&quot;camera&quot;:&quot;SLT-A77V&quot;,&quot;caption&quot;:&quot;&quot;,&quot;created_timestamp&quot;:&quot;1596033975&quot;,&quot;copyright&quot;:&quot;&quot;,&quot;focal_length&quot;:&quot;50&quot;,&quot;iso&quot;:&quot;800&quot;,&quot;shutter_speed&quot;:&quot;0.00625&quot;,&quot;title&quot;:&quot;&quot;,&quot;orientation&quot;:&quot;1&quot;}\" data-image-title=\"S\u00fcdgel\u00e4nde Baum 072020\" data-image-description=\"\" data-image-caption=\"\" data-medium-file=\"https:\/\/www.valeskahenze.de\/wp-content\/uploads\/2020\/08\/S\u00fcdgel\u00e4nde-Baum-072020-300x200.jpg\" data-large-file=\"https:\/\/www.valeskahenze.de\/wp-content\/uploads\/2020\/08\/S\u00fcdgel\u00e4nde-Baum-072020.jpg\" src=\"http:\/\/wp.valeskahenze.de\/wp-content\/uploads\/2020\/08\/S\u00fcdgel\u00e4nde-Baum-072020.jpg\" alt=\"\" class=\"wp-image-212\" width=\"446\" height=\"298\" srcset=\"https:\/\/www.valeskahenze.de\/wp-content\/uploads\/2020\/08\/S\u00fcdgel\u00e4nde-Baum-072020.jpg 590w, https:\/\/www.valeskahenze.de\/wp-content\/uploads\/2020\/08\/S\u00fcdgel\u00e4nde-Baum-072020-300x200.jpg 300w\" sizes=\"auto, (max-width: 446px) 100vw, 446px\" \/><figcaption>Foto: Corinne Holthuizen-Habermann<\/figcaption><\/figure><\/div>\n\n\n\n<p>Ich bin als politischer Mensch aufgewachsen, gepr\u00e4gt von gesellschaftlichen Debatten und Nachrichten \u00fcber den sauren Regen, NATO-Doppelbschluss, Hausbesetzer*innen und Stra\u00dfenproteste. Das Studium der Politikwissenschaft war die konsequente Folge. Ich wollte verstehen, wie alles zusammenh\u00e4ngt, wie das Zusammenleben und -wirken von Widerspr\u00fcchen und Gegens\u00e4tzen funktioniert und bereichern kann.<\/p>\n\n\n\n<p>Auch wenn die Politik manchmal dr\u00f6ge und schwerf\u00e4llig scheint, manches lange dauert und ewig herumgeredet wird, ist Politik im Kern lebendig. Denn es geht immer darum einen gemeinsamen Raum zu gestalten. Politik wirkt bis hinein in die Aushandlungsprozesse des allt\u00e4glichen Lebens.<\/p>\n\n\n\n<p>Politik ist beschwerlich, weil in ihr eine Vielzahl unterschiedlicher Meinungen, Interessen, Weltbilder, Zukunftsvisionen und Ideen nach Einfluss streben. Dazu kommt, dass Politik immer weniger durchschaubar und verst\u00e4ndlich wird, je weiter sie sich von der Alltagsebene entfernt.<\/p>\n\n\n\n<p>Sprache ist nicht nur das Medium der politischen Aushandlungsprozesse sonder auch ein wichtiges Mittel der eigenen Verortung und Vermittlung von Zugeh\u00f6rigkeit. Andere verstehen zu k\u00f6nnen, ist essenziell f\u00fcr unsere Existenz. Deswegen ist ein sensibler und bewusster Umgang mit Sprache unumg\u00e4nglich, da Ausdrucksweisen, Zug\u00e4nge und Perspektiven so vielf\u00e4ltig sind, wie die Menschen selbst.<\/p>\n\n\n\n<p>Es ist mir ein Anliegen zu zeigen, dass Politik notwendig aber eben auch beeinflussbar ist. Voraussetzung daf\u00fcr ist, dass ihre Zusammenh\u00e4nge verstanden werden. Diese Zusammenh\u00e4nge \u00fcbersetze und veranschauliche ich &#8211; auf vielf\u00e4ltige Weise und mithilfe der unterschiedlichsten Medien. Ich beobachte, wie Politik funktioniert und habe gelernt, wie man sie analysiert, wie man sie verstehen kann und wie man sie anderen verst\u00e4ndlich macht. Verstehen und Verst\u00e4ndnis stehen f\u00fcr mich im Vordergund. Ich m\u00f6chte, Prozesse und Strukturen erkl\u00e4ren, offenen Fragen nachsp\u00fcren und zeigen, dass Teilhabe lohnt. <\/p>\n\n\n\n<p>Dabei kann ich auf eine Vielzahl von <a href=\"https:\/\/www.valeskahenze.de\/?page_id=15\" data-type=\"URL\" data-id=\"https:\/\/www.valeskahenze.de\/?page_id=15\">Ressourcen<\/a> zur\u00fcckgreifen.<\/p>\n","protected":false},"excerpt":{"rendered":"<p>Als geb\u00fcrtige Berlinerin habe ich fr\u00fch verstanden, dass die Welt wesentlicher komplexer ist, als es die Mauer suggerierte, die mitten durch meine Stadt verlief. \u00c4u\u00dferlich waren die Stadt und die Welt in zwei Seiten geteilt &#8211; Ost-West, schwarz-wei\u00df, gut-b\u00f6se. Doch im Alltag habe ich die Stadt als vielf\u00e4ltig, widerspr\u00fcchlich, rau, fr\u00f6hlich, ernst, l\u00e4cherlich und engagiert erlebt. Im Inneren regierten die Zwischent\u00f6ne, weniger die simple Einteilung in die Einen und die&hellip;<\/p>\n","protected":false},"author":1,"featured_media":0,"parent":0,"menu_order":0,"comment_status":"closed","ping_status":"closed","template":"page-templates\/full-width.php","meta":{"pgc_sgb_lightbox_settings":"","footnotes":""},"class_list":["post-14","page","type-page","status-publish","hentry"],"jetpack_sharing_enabled":true,"_links":{"self":[{"href":"https:\/\/www.valeskahenze.de\/index.php?rest_route=\/wp\/v2\/pages\/14","targetHints":{"allow":["GET"]}}],"collection":[{"href":"https:\/\/www.valeskahenze.de\/index.php?rest_route=\/wp\/v2\/pages"}],"about":[{"href":"https:\/\/www.valeskahenze.de\/index.php?rest_route=\/wp\/v2\/types\/page"}],"author":[{"embeddable":true,"href":"https:\/\/www.valeskahenze.de\/index.php?rest_route=\/wp\/v2\/users\/1"}],"replies":[{"embeddable":true,"href":"https:\/\/www.valeskahenze.de\/index.php?rest_route=%2Fwp%2Fv2%2Fcomments&post=14"}],"version-history":[{"count":11,"href":"https:\/\/www.valeskahenze.de\/index.php?rest_route=\/wp\/v2\/pages\/14\/revisions"}],"predecessor-version":[{"id":859,"href":"https:\/\/www.valeskahenze.de\/index.php?rest_route=\/wp\/v2\/pages\/14\/revisions\/859"}],"wp:attachment":[{"href":"https:\/\/www.valeskahenze.de\/index.php?rest_route=%2Fwp%2Fv2%2Fmedia&parent=14"}],"curies":[{"name":"wp","href":"https:\/\/api.w.org\/{rel}","templated":true}]}}